{"id":34862,"date":"2023-12-13T11:11:08","date_gmt":"2023-12-13T10:11:08","guid":{"rendered":"https:\/\/www.hispanicapadel.com\/?post_type=product&#038;p=34862"},"modified":"2025-11-04T07:55:20","modified_gmt":"2025-11-04T06:55:20","slug":"hispanica-astrid-racket","status":"publish","type":"product","link":"https:\/\/www.hispanicapadel.com\/en\/shop\/racquets\/hispanica-astrid-racket\/","title":{"rendered":"Hispanica Astrid racket"},"content":{"rendered":"<p>The Astrid racquet has a round shape with medium balance, its sweet spot is not very wide and it is one of the racquets with the most control.<\/p>\n<p>&nbsp;<\/p>\n<h4 style=\"text-align: center;\">Technical Specifications<\/h4>\n<p>&nbsp;<\/p>\n<div class=\"tg-wrap\">\n<table style=\"height: 217px;\" width=\"1086\">\n<tbody>\n<tr>\n<td>Form<\/td>\n<td><strong>Rotunda<\/strong><\/td>\n<\/tr>\n<tr>\n<td>Weight<\/td>\n<td><strong>350-365 g<\/strong><\/td>\n<\/tr>\n<tr>\n<td>Balancing<\/td>\n<td><strong>Medium<\/strong><\/td>\n<\/tr>\n<tr>\n<td>Profile<\/td>\n<td><strong>38 mm<\/strong><\/td>\n<\/tr>\n<tr>\n<td>Core<\/td>\n<td><strong>Eva soft<\/strong><\/td>\n<\/tr>\n<tr>\n<td>Dish<\/td>\n<td><strong>3k full carbon<\/strong><\/td>\n<\/tr>\n<tr>\n<td>Finishing<\/td>\n<td><strong>Opaque<\/strong><\/td>\n<\/tr>\n<\/tbody>\n<\/table>\n<\/div>","protected":false},"excerpt":{"rendered":"<p>The racket <strong>Astrid<\/strong> has a shape<strong> round<\/strong>a, with medium balance, its sweet spot is not very wide and it is one of the racquets with the most control.<\/p>","protected":false},"featured_media":34863,"template":"","meta":[],"product_brand":[],"product_cat":[156,145],"product_tag":[143],"class_list":{"0":"post-34862","1":"product","2":"type-product","3":"status-publish","4":"has-post-thumbnail","6":"product_cat-outlet","7":"product_cat-racchette","8":"product_tag-offerta","11":"first","12":"instock","13":"featured","14":"shipping-taxable","15":"purchasable","16":"product-type-simple"},"yoast_head":"<!-- This site is optimized with the Yoast SEO plugin v26.4 - https:\/\/yoast.com\/wordpress\/plugins\/seo\/ -->\n<title>Racchetta Hispanica Astrid - Hispanica Padel<\/title>\n<meta name=\"robots\" content=\"index, follow, max-snippet:-1, max-image-preview:large, max-video-preview:-1\" \/>\n<link rel=\"canonical\" href=\"https:\/\/www.hispanicapadel.com\/en\/shop\/racquets\/hispanica-astrid-racket\/\" \/>\n<meta property=\"og:locale\" content=\"en_GB\" \/>\n<meta property=\"og:type\" content=\"article\" \/>\n<meta property=\"og:title\" content=\"Racchetta Hispanica Astrid - Hispanica Padel\" \/>\n<meta property=\"og:description\" content=\"La racchetta Astrid ha una forma rotonda, con un equilibrio medio, il suo punto dolce non \u00e8 molto ampio ed \u00e8 una delle racchette con pi\u00f9 controllo.\" \/>\n<meta property=\"og:url\" content=\"https:\/\/www.hispanicapadel.com\/en\/shop\/racquets\/hispanica-astrid-racket\/\" \/>\n<meta property=\"og:site_name\" content=\"Hispanica Padel\" \/>\n<meta property=\"article:publisher\" content=\"https:\/\/www.facebook.com\/Hispanicapadel\" \/>\n<meta property=\"article:modified_time\" content=\"2025-11-04T06:55:20+00:00\" \/>\n<meta property=\"og:image\" content=\"https:\/\/www.hispanicapadel.com\/wp-content\/uploads\/2023\/12\/Astrid-01.jpg\" \/>\n\t<meta property=\"og:image:width\" content=\"1200\" \/>\n\t<meta property=\"og:image:height\" content=\"1800\" \/>\n\t<meta property=\"og:image:type\" content=\"image\/jpeg\" \/>\n<meta name=\"twitter:card\" content=\"summary_large_image\" \/>\n<script type=\"application\/ld+json\" class=\"yoast-schema-graph\">{\"@context\":\"https:\/\/schema.org\",\"@graph\":[{\"@type\":\"WebPage\",\"@id\":\"https:\/\/www.hispanicapadel.com\/negozio\/racchette\/racchetta-hispanica-astrid\/\",\"url\":\"https:\/\/www.hispanicapadel.com\/negozio\/racchette\/racchetta-hispanica-astrid\/\",\"name\":\"Racchetta Hispanica Astrid - Hispanica Padel\",\"isPartOf\":{\"@id\":\"https:\/\/www.hispanicapadel.com\/#website\"},\"primaryImageOfPage\":{\"@id\":\"https:\/\/www.hispanicapadel.com\/negozio\/racchette\/racchetta-hispanica-astrid\/#primaryimage\"},\"image\":{\"@id\":\"https:\/\/www.hispanicapadel.com\/negozio\/racchette\/racchetta-hispanica-astrid\/#primaryimage\"},\"thumbnailUrl\":\"https:\/\/www.hispanicapadel.com\/wp-content\/uploads\/2023\/12\/Astrid-01.jpg\",\"datePublished\":\"2023-12-13T10:11:08+00:00\",\"dateModified\":\"2025-11-04T06:55:20+00:00\",\"breadcrumb\":{\"@id\":\"https:\/\/www.hispanicapadel.com\/negozio\/racchette\/racchetta-hispanica-astrid\/#breadcrumb\"},\"inLanguage\":\"en-GB\",\"potentialAction\":[{\"@type\":\"ReadAction\",\"target\":[\"https:\/\/www.hispanicapadel.com\/negozio\/racchette\/racchetta-hispanica-astrid\/\"]}]},{\"@type\":\"ImageObject\",\"inLanguage\":\"en-GB\",\"@id\":\"https:\/\/www.hispanicapadel.com\/negozio\/racchette\/racchetta-hispanica-astrid\/#primaryimage\",\"url\":\"https:\/\/www.hispanicapadel.com\/wp-content\/uploads\/2023\/12\/Astrid-01.jpg\",\"contentUrl\":\"https:\/\/www.hispanicapadel.com\/wp-content\/uploads\/2023\/12\/Astrid-01.jpg\",\"width\":1200,\"height\":1800},{\"@type\":\"BreadcrumbList\",\"@id\":\"https:\/\/www.hispanicapadel.com\/negozio\/racchette\/racchetta-hispanica-astrid\/#breadcrumb\",\"itemListElement\":[{\"@type\":\"ListItem\",\"position\":1,\"name\":\"Home\",\"item\":\"https:\/\/www.hispanicapadel.com\/\"},{\"@type\":\"ListItem\",\"position\":2,\"name\":\"Shop\",\"item\":\"https:\/\/www.hispanicapadel.com\/negozio\/\"},{\"@type\":\"ListItem\",\"position\":3,\"name\":\"Racchetta Hispanica Astrid\"}]},{\"@type\":\"WebSite\",\"@id\":\"https:\/\/www.hispanicapadel.com\/#website\",\"url\":\"https:\/\/www.hispanicapadel.com\/\",\"name\":\"Hispanica Padel\",\"description\":\"Born in Spain, grown up on the courts.\",\"publisher\":{\"@id\":\"https:\/\/www.hispanicapadel.com\/#organization\"},\"potentialAction\":[{\"@type\":\"SearchAction\",\"target\":{\"@type\":\"EntryPoint\",\"urlTemplate\":\"https:\/\/www.hispanicapadel.com\/?s={search_term_string}\"},\"query-input\":{\"@type\":\"PropertyValueSpecification\",\"valueRequired\":true,\"valueName\":\"search_term_string\"}}],\"inLanguage\":\"en-GB\"},{\"@type\":\"Organization\",\"@id\":\"https:\/\/www.hispanicapadel.com\/#organization\",\"name\":\"Hispanica\",\"alternateName\":\"Hispanica Padel\",\"url\":\"https:\/\/www.hispanicapadel.com\/\",\"logo\":{\"@type\":\"ImageObject\",\"inLanguage\":\"en-GB\",\"@id\":\"https:\/\/www.hispanicapadel.com\/#\/schema\/logo\/image\/\",\"url\":\"https:\/\/www.hispanicapadel.com\/wp-content\/uploads\/2025\/01\/hispanica_logo_solo.png\",\"contentUrl\":\"https:\/\/www.hispanicapadel.com\/wp-content\/uploads\/2025\/01\/hispanica_logo_solo.png\",\"width\":229,\"height\":288,\"caption\":\"Hispanica\"},\"image\":{\"@id\":\"https:\/\/www.hispanicapadel.com\/#\/schema\/logo\/image\/\"},\"sameAs\":[\"https:\/\/www.facebook.com\/Hispanicapadel\",\"https:\/\/www.instagram.com\/hispanicapadel\/\"]}]}<\/script>\n<!-- \/ Yoast SEO plugin. -->","yoast_head_json":{"title":"Hispanica Astrid racket - Hispanica Padel","robots":{"index":"index","follow":"follow","max-snippet":"max-snippet:-1","max-image-preview":"max-image-preview:large","max-video-preview":"max-video-preview:-1"},"canonical":"https:\/\/www.hispanicapadel.com\/en\/shop\/racquets\/hispanica-astrid-racket\/","og_locale":"en_GB","og_type":"article","og_title":"Racchetta Hispanica Astrid - Hispanica Padel","og_description":"La racchetta Astrid ha una forma rotonda, con un equilibrio medio, il suo punto dolce non \u00e8 molto ampio ed \u00e8 una delle racchette con pi\u00f9 controllo.","og_url":"https:\/\/www.hispanicapadel.com\/en\/shop\/racquets\/hispanica-astrid-racket\/","og_site_name":"Hispanica Padel","article_publisher":"https:\/\/www.facebook.com\/Hispanicapadel","article_modified_time":"2025-11-04T06:55:20+00:00","og_image":[{"width":1200,"height":1800,"url":"https:\/\/www.hispanicapadel.com\/wp-content\/uploads\/2023\/12\/Astrid-01.jpg","type":"image\/jpeg"}],"twitter_card":"summary_large_image","schema":{"@context":"https:\/\/schema.org","@graph":[{"@type":"WebPage","@id":"https:\/\/www.hispanicapadel.com\/negozio\/racchette\/racchetta-hispanica-astrid\/","url":"https:\/\/www.hispanicapadel.com\/negozio\/racchette\/racchetta-hispanica-astrid\/","name":"Hispanica Astrid racket - Hispanica Padel","isPartOf":{"@id":"https:\/\/www.hispanicapadel.com\/#website"},"primaryImageOfPage":{"@id":"https:\/\/www.hispanicapadel.com\/negozio\/racchette\/racchetta-hispanica-astrid\/#primaryimage"},"image":{"@id":"https:\/\/www.hispanicapadel.com\/negozio\/racchette\/racchetta-hispanica-astrid\/#primaryimage"},"thumbnailUrl":"https:\/\/www.hispanicapadel.com\/wp-content\/uploads\/2023\/12\/Astrid-01.jpg","datePublished":"2023-12-13T10:11:08+00:00","dateModified":"2025-11-04T06:55:20+00:00","breadcrumb":{"@id":"https:\/\/www.hispanicapadel.com\/negozio\/racchette\/racchetta-hispanica-astrid\/#breadcrumb"},"inLanguage":"en-GB","potentialAction":[{"@type":"ReadAction","target":["https:\/\/www.hispanicapadel.com\/negozio\/racchette\/racchetta-hispanica-astrid\/"]}]},{"@type":"ImageObject","inLanguage":"en-GB","@id":"https:\/\/www.hispanicapadel.com\/negozio\/racchette\/racchetta-hispanica-astrid\/#primaryimage","url":"https:\/\/www.hispanicapadel.com\/wp-content\/uploads\/2023\/12\/Astrid-01.jpg","contentUrl":"https:\/\/www.hispanicapadel.com\/wp-content\/uploads\/2023\/12\/Astrid-01.jpg","width":1200,"height":1800},{"@type":"BreadcrumbList","@id":"https:\/\/www.hispanicapadel.com\/negozio\/racchette\/racchetta-hispanica-astrid\/#breadcrumb","itemListElement":[{"@type":"ListItem","position":1,"name":"Home","item":"https:\/\/www.hispanicapadel.com\/"},{"@type":"ListItem","position":2,"name":"Shop","item":"https:\/\/www.hispanicapadel.com\/negozio\/"},{"@type":"ListItem","position":3,"name":"Racchetta Hispanica Astrid"}]},{"@type":"WebSite","@id":"https:\/\/www.hispanicapadel.com\/#website","url":"https:\/\/www.hispanicapadel.com\/","name":"Hispanica Padel","description":"Born in Spain, grown up on the courts.","publisher":{"@id":"https:\/\/www.hispanicapadel.com\/#organization"},"potentialAction":[{"@type":"SearchAction","target":{"@type":"EntryPoint","urlTemplate":"https:\/\/www.hispanicapadel.com\/?s={search_term_string}"},"query-input":{"@type":"PropertyValueSpecification","valueRequired":true,"valueName":"search_term_string"}}],"inLanguage":"en-GB"},{"@type":"Organization","@id":"https:\/\/www.hispanicapadel.com\/#organization","name":"Hispanica","alternateName":"Hispanica Padel","url":"https:\/\/www.hispanicapadel.com\/","logo":{"@type":"ImageObject","inLanguage":"en-GB","@id":"https:\/\/www.hispanicapadel.com\/#\/schema\/logo\/image\/","url":"https:\/\/www.hispanicapadel.com\/wp-content\/uploads\/2025\/01\/hispanica_logo_solo.png","contentUrl":"https:\/\/www.hispanicapadel.com\/wp-content\/uploads\/2025\/01\/hispanica_logo_solo.png","width":229,"height":288,"caption":"Hispanica"},"image":{"@id":"https:\/\/www.hispanicapadel.com\/#\/schema\/logo\/image\/"},"sameAs":["https:\/\/www.facebook.com\/Hispanicapadel","https:\/\/www.instagram.com\/hispanicapadel\/"]}]}},"_links":{"self":[{"href":"https:\/\/www.hispanicapadel.com\/en\/wp-json\/wp\/v2\/product\/34862","targetHints":{"allow":["GET"]}}],"collection":[{"href":"https:\/\/www.hispanicapadel.com\/en\/wp-json\/wp\/v2\/product"}],"about":[{"href":"https:\/\/www.hispanicapadel.com\/en\/wp-json\/wp\/v2\/types\/product"}],"wp:featuredmedia":[{"embeddable":true,"href":"https:\/\/www.hispanicapadel.com\/en\/wp-json\/wp\/v2\/media\/34863"}],"wp:attachment":[{"href":"https:\/\/www.hispanicapadel.com\/en\/wp-json\/wp\/v2\/media?parent=34862"}],"wp:term":[{"taxonomy":"product_brand","embeddable":true,"href":"https:\/\/www.hispanicapadel.com\/en\/wp-json\/wp\/v2\/product_brand?post=34862"},{"taxonomy":"product_cat","embeddable":true,"href":"https:\/\/www.hispanicapadel.com\/en\/wp-json\/wp\/v2\/product_cat?post=34862"},{"taxonomy":"product_tag","embeddable":true,"href":"https:\/\/www.hispanicapadel.com\/en\/wp-json\/wp\/v2\/product_tag?post=34862"}],"curies":[{"name":"wp","href":"https:\/\/api.w.org\/{rel}","templated":true}]}}