{"id":34538,"date":"2023-10-25T13:40:29","date_gmt":"2023-10-25T13:40:29","guid":{"rendered":"https:\/\/www.hispanicapadel.com\/?post_type=product&#038;p=34538"},"modified":"2025-11-04T07:45:20","modified_gmt":"2025-11-04T06:45:20","slug":"raqueta-hispana-aurum","status":"publish","type":"product","link":"https:\/\/www.hispanicapadel.com\/es\/tienda\/raquetas\/raqueta-hispana-aurum\/","title":{"rendered":"Raqueta Hispanica Aurum"},"content":{"rendered":"<p>El nuevo<strong> Aurum raqueta<\/strong>\u00a0es ideal para jugadores de\u00a0<strong>nivel intermedio a avanzado. <\/strong>Es un modelo que destaca por su versatilidad, ya que est\u00e1 dise\u00f1ado para proporcionar un equilibrio perfecto entre potencia y control. Con su forma <strong>H\u00edbrido<\/strong> y con el<strong> EVA de densidad media<\/strong> en el n\u00facleo, esta raqueta pondr\u00e1 de rodillas a tus adversarios. Dispone de un <strong>carbono 6k<\/strong> y un equilibrio medio\/alto.<\/p>\n<p>&nbsp;<\/p>\n<h4 style=\"text-align: center;\">Especificaciones t\u00e9cnicas<\/h4>\n<p>&nbsp;<\/p>\n<div class=\"tg-wrap\">\n<table style=\"height: 217px;\" width=\"1086\">\n<tbody>\n<tr>\n<td>Formulario<\/td>\n<td><strong>H\u00edbrido<\/strong><\/td>\n<\/tr>\n<tr>\n<td>Peso<\/td>\n<td><strong>360-370 g<\/strong><\/td>\n<\/tr>\n<tr>\n<td>Equilibrio<\/td>\n<td><strong>Medio<\/strong><\/td>\n<\/tr>\n<tr>\n<td>Perfil<\/td>\n<td><strong>38 mm<\/strong><\/td>\n<\/tr>\n<tr>\n<td>N\u00facleo<\/td>\n<td><strong>Eva Densidad media<\/strong><\/td>\n<\/tr>\n<tr>\n<td>Plato<\/td>\n<td><strong>6k<\/strong><\/td>\n<\/tr>\n<tr>\n<td>Acabado<\/td>\n<td><strong>No<\/strong><\/td>\n<\/tr>\n<\/tbody>\n<\/table>\n<\/div>","protected":false},"excerpt":{"rendered":"<p>La nueva raqueta de p\u00e1del <strong>Hispanica Aurum<\/strong> forma parte de la nueva serie Pro, conocida por su <strong>potencia extrema<\/strong>. Con su forma <strong>H\u00edbrido<\/strong> y con el<strong> EVA de densidad media<\/strong> en el n\u00facleo, esta raqueta pondr\u00e1 de rodillas a tus adversarios. Dispone de un <strong>carbono 6k<\/strong> y un equilibrio medio\/alto.<\/p>","protected":false},"featured_media":34616,"template":"","meta":[],"product_brand":[],"product_cat":[145],"product_tag":[142,143],"class_list":{"0":"post-34538","1":"product","2":"type-product","3":"status-publish","4":"has-post-thumbnail","6":"product_cat-racchette","7":"product_tag-nuovo","8":"product_tag-offerta","11":"first","12":"instock","13":"featured","14":"shipping-taxable","15":"purchasable","16":"product-type-simple"},"yoast_head":"<!-- This site is optimized with the Yoast SEO plugin v26.4 - https:\/\/yoast.com\/wordpress\/plugins\/seo\/ -->\n<title>Racchetta Hispanica Aurum - Hispanica Padel<\/title>\n<meta name=\"robots\" content=\"index, follow, max-snippet:-1, max-image-preview:large, max-video-preview:-1\" \/>\n<link rel=\"canonical\" href=\"https:\/\/www.hispanicapadel.com\/es\/tienda\/raquetas\/raqueta-hispana-aurum\/\" \/>\n<meta property=\"og:locale\" content=\"es_ES\" \/>\n<meta property=\"og:type\" content=\"article\" \/>\n<meta property=\"og:title\" content=\"Racchetta Hispanica Aurum - Hispanica Padel\" \/>\n<meta property=\"og:description\" content=\"La nuova racchetta da padel Hispanica Aurum fa parte della nuova serie Pro, nota per la sua estrema potenza. Con la sua forma Ibrida e con la EVA di media densit\u00e0 nel nucleo, questa racchetta metter\u00e0 in ginocchio i tuoi avversari. Ha un piatto in carbonio 6k e un bilanciamento medio\/alto.\" \/>\n<meta property=\"og:url\" content=\"https:\/\/www.hispanicapadel.com\/es\/tienda\/raquetas\/raqueta-hispana-aurum\/\" \/>\n<meta property=\"og:site_name\" content=\"Hispanica Padel\" \/>\n<meta property=\"article:publisher\" content=\"https:\/\/www.facebook.com\/Hispanicapadel\" \/>\n<meta property=\"article:modified_time\" content=\"2025-11-04T06:45:20+00:00\" \/>\n<meta property=\"og:image\" content=\"https:\/\/www.hispanicapadel.com\/wp-content\/uploads\/2023\/10\/Aurum-01.jpg\" \/>\n\t<meta property=\"og:image:width\" content=\"1200\" \/>\n\t<meta property=\"og:image:height\" content=\"1800\" \/>\n\t<meta property=\"og:image:type\" content=\"image\/jpeg\" \/>\n<meta name=\"twitter:card\" content=\"summary_large_image\" \/>\n<meta name=\"twitter:label1\" content=\"Tiempo de lectura\" \/>\n\t<meta name=\"twitter:data1\" content=\"1 minuto\" \/>\n<script type=\"application\/ld+json\" class=\"yoast-schema-graph\">{\"@context\":\"https:\/\/schema.org\",\"@graph\":[{\"@type\":\"WebPage\",\"@id\":\"https:\/\/www.hispanicapadel.com\/negozio\/racchette\/racchetta-hispanica-aurum\/\",\"url\":\"https:\/\/www.hispanicapadel.com\/negozio\/racchette\/racchetta-hispanica-aurum\/\",\"name\":\"Racchetta Hispanica Aurum - Hispanica Padel\",\"isPartOf\":{\"@id\":\"https:\/\/www.hispanicapadel.com\/#website\"},\"primaryImageOfPage\":{\"@id\":\"https:\/\/www.hispanicapadel.com\/negozio\/racchette\/racchetta-hispanica-aurum\/#primaryimage\"},\"image\":{\"@id\":\"https:\/\/www.hispanicapadel.com\/negozio\/racchette\/racchetta-hispanica-aurum\/#primaryimage\"},\"thumbnailUrl\":\"https:\/\/www.hispanicapadel.com\/wp-content\/uploads\/2023\/10\/Aurum-01.jpg\",\"datePublished\":\"2023-10-25T13:40:29+00:00\",\"dateModified\":\"2025-11-04T06:45:20+00:00\",\"breadcrumb\":{\"@id\":\"https:\/\/www.hispanicapadel.com\/negozio\/racchette\/racchetta-hispanica-aurum\/#breadcrumb\"},\"inLanguage\":\"es\",\"potentialAction\":[{\"@type\":\"ReadAction\",\"target\":[\"https:\/\/www.hispanicapadel.com\/negozio\/racchette\/racchetta-hispanica-aurum\/\"]}]},{\"@type\":\"ImageObject\",\"inLanguage\":\"es\",\"@id\":\"https:\/\/www.hispanicapadel.com\/negozio\/racchette\/racchetta-hispanica-aurum\/#primaryimage\",\"url\":\"https:\/\/www.hispanicapadel.com\/wp-content\/uploads\/2023\/10\/Aurum-01.jpg\",\"contentUrl\":\"https:\/\/www.hispanicapadel.com\/wp-content\/uploads\/2023\/10\/Aurum-01.jpg\",\"width\":1200,\"height\":1800},{\"@type\":\"BreadcrumbList\",\"@id\":\"https:\/\/www.hispanicapadel.com\/negozio\/racchette\/racchetta-hispanica-aurum\/#breadcrumb\",\"itemListElement\":[{\"@type\":\"ListItem\",\"position\":1,\"name\":\"Home\",\"item\":\"https:\/\/www.hispanicapadel.com\/\"},{\"@type\":\"ListItem\",\"position\":2,\"name\":\"Shop\",\"item\":\"https:\/\/www.hispanicapadel.com\/negozio\/\"},{\"@type\":\"ListItem\",\"position\":3,\"name\":\"Racchetta Hispanica Aurum\"}]},{\"@type\":\"WebSite\",\"@id\":\"https:\/\/www.hispanicapadel.com\/#website\",\"url\":\"https:\/\/www.hispanicapadel.com\/\",\"name\":\"Hispanica Padel\",\"description\":\"Born in Spain, grown up on the courts.\",\"publisher\":{\"@id\":\"https:\/\/www.hispanicapadel.com\/#organization\"},\"potentialAction\":[{\"@type\":\"SearchAction\",\"target\":{\"@type\":\"EntryPoint\",\"urlTemplate\":\"https:\/\/www.hispanicapadel.com\/?s={search_term_string}\"},\"query-input\":{\"@type\":\"PropertyValueSpecification\",\"valueRequired\":true,\"valueName\":\"search_term_string\"}}],\"inLanguage\":\"es\"},{\"@type\":\"Organization\",\"@id\":\"https:\/\/www.hispanicapadel.com\/#organization\",\"name\":\"Hispanica\",\"alternateName\":\"Hispanica Padel\",\"url\":\"https:\/\/www.hispanicapadel.com\/\",\"logo\":{\"@type\":\"ImageObject\",\"inLanguage\":\"es\",\"@id\":\"https:\/\/www.hispanicapadel.com\/#\/schema\/logo\/image\/\",\"url\":\"https:\/\/www.hispanicapadel.com\/wp-content\/uploads\/2025\/01\/hispanica_logo_solo.png\",\"contentUrl\":\"https:\/\/www.hispanicapadel.com\/wp-content\/uploads\/2025\/01\/hispanica_logo_solo.png\",\"width\":229,\"height\":288,\"caption\":\"Hispanica\"},\"image\":{\"@id\":\"https:\/\/www.hispanicapadel.com\/#\/schema\/logo\/image\/\"},\"sameAs\":[\"https:\/\/www.facebook.com\/Hispanicapadel\",\"https:\/\/www.instagram.com\/hispanicapadel\/\"]}]}<\/script>\n<!-- \/ Yoast SEO plugin. -->","yoast_head_json":{"title":"Raqueta Hispanica Aurum - Hispanica Padel","robots":{"index":"index","follow":"follow","max-snippet":"max-snippet:-1","max-image-preview":"max-image-preview:large","max-video-preview":"max-video-preview:-1"},"canonical":"https:\/\/www.hispanicapadel.com\/es\/tienda\/raquetas\/raqueta-hispana-aurum\/","og_locale":"es_ES","og_type":"article","og_title":"Racchetta Hispanica Aurum - Hispanica Padel","og_description":"La nuova racchetta da padel Hispanica Aurum fa parte della nuova serie Pro, nota per la sua estrema potenza. Con la sua forma Ibrida e con la EVA di media densit\u00e0 nel nucleo, questa racchetta metter\u00e0 in ginocchio i tuoi avversari. Ha un piatto in carbonio 6k e un bilanciamento medio\/alto.","og_url":"https:\/\/www.hispanicapadel.com\/es\/tienda\/raquetas\/raqueta-hispana-aurum\/","og_site_name":"Hispanica Padel","article_publisher":"https:\/\/www.facebook.com\/Hispanicapadel","article_modified_time":"2025-11-04T06:45:20+00:00","og_image":[{"width":1200,"height":1800,"url":"https:\/\/www.hispanicapadel.com\/wp-content\/uploads\/2023\/10\/Aurum-01.jpg","type":"image\/jpeg"}],"twitter_card":"summary_large_image","twitter_misc":{"Tiempo de lectura":"1 minuto"},"schema":{"@context":"https:\/\/schema.org","@graph":[{"@type":"WebPage","@id":"https:\/\/www.hispanicapadel.com\/negozio\/racchette\/racchetta-hispanica-aurum\/","url":"https:\/\/www.hispanicapadel.com\/negozio\/racchette\/racchetta-hispanica-aurum\/","name":"Raqueta Hispanica Aurum - Hispanica Padel","isPartOf":{"@id":"https:\/\/www.hispanicapadel.com\/#website"},"primaryImageOfPage":{"@id":"https:\/\/www.hispanicapadel.com\/negozio\/racchette\/racchetta-hispanica-aurum\/#primaryimage"},"image":{"@id":"https:\/\/www.hispanicapadel.com\/negozio\/racchette\/racchetta-hispanica-aurum\/#primaryimage"},"thumbnailUrl":"https:\/\/www.hispanicapadel.com\/wp-content\/uploads\/2023\/10\/Aurum-01.jpg","datePublished":"2023-10-25T13:40:29+00:00","dateModified":"2025-11-04T06:45:20+00:00","breadcrumb":{"@id":"https:\/\/www.hispanicapadel.com\/negozio\/racchette\/racchetta-hispanica-aurum\/#breadcrumb"},"inLanguage":"es","potentialAction":[{"@type":"ReadAction","target":["https:\/\/www.hispanicapadel.com\/negozio\/racchette\/racchetta-hispanica-aurum\/"]}]},{"@type":"ImageObject","inLanguage":"es","@id":"https:\/\/www.hispanicapadel.com\/negozio\/racchette\/racchetta-hispanica-aurum\/#primaryimage","url":"https:\/\/www.hispanicapadel.com\/wp-content\/uploads\/2023\/10\/Aurum-01.jpg","contentUrl":"https:\/\/www.hispanicapadel.com\/wp-content\/uploads\/2023\/10\/Aurum-01.jpg","width":1200,"height":1800},{"@type":"BreadcrumbList","@id":"https:\/\/www.hispanicapadel.com\/negozio\/racchette\/racchetta-hispanica-aurum\/#breadcrumb","itemListElement":[{"@type":"ListItem","position":1,"name":"Home","item":"https:\/\/www.hispanicapadel.com\/"},{"@type":"ListItem","position":2,"name":"Shop","item":"https:\/\/www.hispanicapadel.com\/negozio\/"},{"@type":"ListItem","position":3,"name":"Racchetta Hispanica Aurum"}]},{"@type":"WebSite","@id":"https:\/\/www.hispanicapadel.com\/#website","url":"https:\/\/www.hispanicapadel.com\/","name":"Hispanica Padel","description":"Nacido en Espa\u00f1a, crecido en las canchas.","publisher":{"@id":"https:\/\/www.hispanicapadel.com\/#organization"},"potentialAction":[{"@type":"SearchAction","target":{"@type":"EntryPoint","urlTemplate":"https:\/\/www.hispanicapadel.com\/?s={search_term_string}"},"query-input":{"@type":"PropertyValueSpecification","valueRequired":true,"valueName":"search_term_string"}}],"inLanguage":"es"},{"@type":"Organization","@id":"https:\/\/www.hispanicapadel.com\/#organization","name":"Hisp\u00e1nica","alternateName":"Hispanica Padel","url":"https:\/\/www.hispanicapadel.com\/","logo":{"@type":"ImageObject","inLanguage":"es","@id":"https:\/\/www.hispanicapadel.com\/#\/schema\/logo\/image\/","url":"https:\/\/www.hispanicapadel.com\/wp-content\/uploads\/2025\/01\/hispanica_logo_solo.png","contentUrl":"https:\/\/www.hispanicapadel.com\/wp-content\/uploads\/2025\/01\/hispanica_logo_solo.png","width":229,"height":288,"caption":"Hispanica"},"image":{"@id":"https:\/\/www.hispanicapadel.com\/#\/schema\/logo\/image\/"},"sameAs":["https:\/\/www.facebook.com\/Hispanicapadel","https:\/\/www.instagram.com\/hispanicapadel\/"]}]}},"_links":{"self":[{"href":"https:\/\/www.hispanicapadel.com\/es\/wp-json\/wp\/v2\/product\/34538","targetHints":{"allow":["GET"]}}],"collection":[{"href":"https:\/\/www.hispanicapadel.com\/es\/wp-json\/wp\/v2\/product"}],"about":[{"href":"https:\/\/www.hispanicapadel.com\/es\/wp-json\/wp\/v2\/types\/product"}],"wp:featuredmedia":[{"embeddable":true,"href":"https:\/\/www.hispanicapadel.com\/es\/wp-json\/wp\/v2\/media\/34616"}],"wp:attachment":[{"href":"https:\/\/www.hispanicapadel.com\/es\/wp-json\/wp\/v2\/media?parent=34538"}],"wp:term":[{"taxonomy":"product_brand","embeddable":true,"href":"https:\/\/www.hispanicapadel.com\/es\/wp-json\/wp\/v2\/product_brand?post=34538"},{"taxonomy":"product_cat","embeddable":true,"href":"https:\/\/www.hispanicapadel.com\/es\/wp-json\/wp\/v2\/product_cat?post=34538"},{"taxonomy":"product_tag","embeddable":true,"href":"https:\/\/www.hispanicapadel.com\/es\/wp-json\/wp\/v2\/product_tag?post=34538"}],"curies":[{"name":"wp","href":"https:\/\/api.w.org\/{rel}","templated":true}]}}