{"id":35007,"date":"2024-11-08T16:57:53","date_gmt":"2024-11-08T15:57:53","guid":{"rendered":"https:\/\/www.hispanicapadel.com\/?post_type=product&#038;p=35007"},"modified":"2025-01-07T19:54:28","modified_gmt":"2025-01-07T18:54:28","slug":"mochila-hispanica-performance-blanco-copia","status":"publish","type":"product","link":"https:\/\/www.hispanicapadel.com\/es\/tienda\/bolsas\/mochila-hispanica-performance-blanco-copia\/","title":{"rendered":"Mochila Hispanica Performance Blanca (Copia)"},"content":{"rendered":"<p>La mochila PERFORMANCE es una mochila ligera que cuenta con un compartimento principal amplio y de f\u00e1cil acceso para guardar todo lo que necesites con un bolsillo exterior con cremallera para guardar una raqueta y, adem\u00e1s, un bolsillo en el interior para guardar un ordenador port\u00e1til o una tableta. Incorpora 2 bolsillos laterales para tus accesorios y un bolsillo con cremallera en la parte inferior para guardar un par de zapatillas.<\/p>\n<p>&nbsp;<\/p>\n<h4 style=\"text-align: center;\">Especificaciones<\/h4>\n<p>&nbsp;<\/p>\n<div class=\"tg-wrap\">\n<table style=\"height: 217px;\" width=\"1086\">\n<tbody>\n<tr>\n<td>Bolsillos para accesorios<\/td>\n<td><strong>4<\/strong><\/td>\n<\/tr>\n<tr>\n<td>Bolsillos para accesorios con cremallera<\/td>\n<td><strong>11<\/strong><\/td>\n<\/tr>\n<tr>\n<td>Capacidad de la raqueta<\/td>\n<td><strong>2<\/strong><\/td>\n<\/tr>\n<tr>\n<td>Compartimento para raquetas<\/td>\n<td><strong>1<\/strong><\/td>\n<\/tr>\n<tr>\n<td>Compartimento para zapatos<\/td>\n<td><strong>1<\/strong><\/td>\n<\/tr>\n<\/tbody>\n<\/table>\n<\/div>","protected":false},"excerpt":{"rendered":"<p>La mochila Hispanica sigue siendo uno de nuestros productos m\u00e1s vendidos. La l\u00ednea Performance se distingue por un dise\u00f1o muy deportivo y una ligereza excepcional.<\/p>\n<p>&nbsp;<\/p>\n<p>Peso: 160gr<\/p>\n<p>Dimensiones (cm): 33,5 x 51 x 25<\/p>\n<p>Composici\u00f3n: poli\u00e9ster<\/p>","protected":false},"featured_media":35120,"template":"","meta":[],"product_brand":[],"product_cat":[156,146],"product_tag":[111],"class_list":{"0":"post-35007","1":"product","2":"type-product","3":"status-publish","4":"has-post-thumbnail","6":"product_cat-outlet","7":"product_cat-borse","8":"product_tag-trend","11":"first","12":"instock","13":"sale","14":"featured","15":"shipping-taxable","16":"purchasable","17":"product-type-simple"},"yoast_head":"<!-- This site is optimized with the Yoast SEO plugin v26.4 - https:\/\/yoast.com\/wordpress\/plugins\/seo\/ -->\n<title>Zaino Hispanica performance Bianco (Copia) - Hispanica Padel<\/title>\n<meta name=\"robots\" content=\"index, follow, max-snippet:-1, max-image-preview:large, max-video-preview:-1\" \/>\n<link rel=\"canonical\" href=\"https:\/\/www.hispanicapadel.com\/es\/tienda\/bolsas\/mochila-hispanica-performance-blanco-copia\/\" \/>\n<meta property=\"og:locale\" content=\"es_ES\" \/>\n<meta property=\"og:type\" content=\"article\" \/>\n<meta property=\"og:title\" content=\"Zaino Hispanica performance Bianco (Copia) - Hispanica Padel\" \/>\n<meta property=\"og:description\" content=\"Lo zaino Hispanica rimane uno dei nostri best seller. La linea performance si differenzia per avere una linea molto sportiva ed un&#039;eccezionale leggerezza.  &nbsp;  Peso: 160gr  Dimensioni (cm): 33.5 x 51 x 25  Composizione: Poliestere\" \/>\n<meta property=\"og:url\" content=\"https:\/\/www.hispanicapadel.com\/es\/tienda\/bolsas\/mochila-hispanica-performance-blanco-copia\/\" \/>\n<meta property=\"og:site_name\" content=\"Hispanica Padel\" \/>\n<meta property=\"article:publisher\" content=\"https:\/\/www.facebook.com\/Hispanicapadel\" \/>\n<meta property=\"article:modified_time\" content=\"2025-01-07T18:54:28+00:00\" \/>\n<meta property=\"og:image\" content=\"https:\/\/www.hispanicapadel.com\/wp-content\/uploads\/2024\/11\/hispanica-zaino-new.jpg\" \/>\n\t<meta property=\"og:image:width\" content=\"1200\" \/>\n\t<meta property=\"og:image:height\" content=\"1800\" \/>\n\t<meta property=\"og:image:type\" content=\"image\/jpeg\" \/>\n<meta name=\"twitter:card\" content=\"summary_large_image\" \/>\n<meta name=\"twitter:label1\" content=\"Tiempo de lectura\" \/>\n\t<meta name=\"twitter:data1\" content=\"1 minuto\" \/>\n<script type=\"application\/ld+json\" class=\"yoast-schema-graph\">{\"@context\":\"https:\/\/schema.org\",\"@graph\":[{\"@type\":\"WebPage\",\"@id\":\"https:\/\/www.hispanicapadel.com\/negozio\/borse\/zaino-hispanica-performance-bianco-copia\/\",\"url\":\"https:\/\/www.hispanicapadel.com\/negozio\/borse\/zaino-hispanica-performance-bianco-copia\/\",\"name\":\"Zaino Hispanica performance Bianco (Copia) - Hispanica Padel\",\"isPartOf\":{\"@id\":\"https:\/\/www.hispanicapadel.com\/#website\"},\"primaryImageOfPage\":{\"@id\":\"https:\/\/www.hispanicapadel.com\/negozio\/borse\/zaino-hispanica-performance-bianco-copia\/#primaryimage\"},\"image\":{\"@id\":\"https:\/\/www.hispanicapadel.com\/negozio\/borse\/zaino-hispanica-performance-bianco-copia\/#primaryimage\"},\"thumbnailUrl\":\"https:\/\/www.hispanicapadel.com\/wp-content\/uploads\/2024\/11\/hispanica-zaino-new.jpg\",\"datePublished\":\"2024-11-08T15:57:53+00:00\",\"dateModified\":\"2025-01-07T18:54:28+00:00\",\"breadcrumb\":{\"@id\":\"https:\/\/www.hispanicapadel.com\/negozio\/borse\/zaino-hispanica-performance-bianco-copia\/#breadcrumb\"},\"inLanguage\":\"es\",\"potentialAction\":[{\"@type\":\"ReadAction\",\"target\":[\"https:\/\/www.hispanicapadel.com\/negozio\/borse\/zaino-hispanica-performance-bianco-copia\/\"]}]},{\"@type\":\"ImageObject\",\"inLanguage\":\"es\",\"@id\":\"https:\/\/www.hispanicapadel.com\/negozio\/borse\/zaino-hispanica-performance-bianco-copia\/#primaryimage\",\"url\":\"https:\/\/www.hispanicapadel.com\/wp-content\/uploads\/2024\/11\/hispanica-zaino-new.jpg\",\"contentUrl\":\"https:\/\/www.hispanicapadel.com\/wp-content\/uploads\/2024\/11\/hispanica-zaino-new.jpg\",\"width\":1200,\"height\":1800},{\"@type\":\"BreadcrumbList\",\"@id\":\"https:\/\/www.hispanicapadel.com\/negozio\/borse\/zaino-hispanica-performance-bianco-copia\/#breadcrumb\",\"itemListElement\":[{\"@type\":\"ListItem\",\"position\":1,\"name\":\"Home\",\"item\":\"https:\/\/www.hispanicapadel.com\/\"},{\"@type\":\"ListItem\",\"position\":2,\"name\":\"Shop\",\"item\":\"https:\/\/www.hispanicapadel.com\/negozio\/\"},{\"@type\":\"ListItem\",\"position\":3,\"name\":\"Zaino Hispanica performance Bianco (Copia)\"}]},{\"@type\":\"WebSite\",\"@id\":\"https:\/\/www.hispanicapadel.com\/#website\",\"url\":\"https:\/\/www.hispanicapadel.com\/\",\"name\":\"Hispanica Padel\",\"description\":\"Born in Spain, grown up on the courts.\",\"publisher\":{\"@id\":\"https:\/\/www.hispanicapadel.com\/#organization\"},\"potentialAction\":[{\"@type\":\"SearchAction\",\"target\":{\"@type\":\"EntryPoint\",\"urlTemplate\":\"https:\/\/www.hispanicapadel.com\/?s={search_term_string}\"},\"query-input\":{\"@type\":\"PropertyValueSpecification\",\"valueRequired\":true,\"valueName\":\"search_term_string\"}}],\"inLanguage\":\"es\"},{\"@type\":\"Organization\",\"@id\":\"https:\/\/www.hispanicapadel.com\/#organization\",\"name\":\"Hispanica\",\"alternateName\":\"Hispanica Padel\",\"url\":\"https:\/\/www.hispanicapadel.com\/\",\"logo\":{\"@type\":\"ImageObject\",\"inLanguage\":\"es\",\"@id\":\"https:\/\/www.hispanicapadel.com\/#\/schema\/logo\/image\/\",\"url\":\"https:\/\/www.hispanicapadel.com\/wp-content\/uploads\/2025\/01\/hispanica_logo_solo.png\",\"contentUrl\":\"https:\/\/www.hispanicapadel.com\/wp-content\/uploads\/2025\/01\/hispanica_logo_solo.png\",\"width\":229,\"height\":288,\"caption\":\"Hispanica\"},\"image\":{\"@id\":\"https:\/\/www.hispanicapadel.com\/#\/schema\/logo\/image\/\"},\"sameAs\":[\"https:\/\/www.facebook.com\/Hispanicapadel\",\"https:\/\/www.instagram.com\/hispanicapadel\/\"]}]}<\/script>\n<!-- \/ Yoast SEO plugin. -->","yoast_head_json":{"title":"Mochila Hispanica Performance Blanca (Copia) - Hispanica Padel","robots":{"index":"index","follow":"follow","max-snippet":"max-snippet:-1","max-image-preview":"max-image-preview:large","max-video-preview":"max-video-preview:-1"},"canonical":"https:\/\/www.hispanicapadel.com\/es\/tienda\/bolsas\/mochila-hispanica-performance-blanco-copia\/","og_locale":"es_ES","og_type":"article","og_title":"Zaino Hispanica performance Bianco (Copia) - Hispanica Padel","og_description":"Lo zaino Hispanica rimane uno dei nostri best seller. La linea performance si differenzia per avere una linea molto sportiva ed un'eccezionale leggerezza.  &nbsp;  Peso: 160gr  Dimensioni (cm): 33.5 x 51 x 25  Composizione: Poliestere","og_url":"https:\/\/www.hispanicapadel.com\/es\/tienda\/bolsas\/mochila-hispanica-performance-blanco-copia\/","og_site_name":"Hispanica Padel","article_publisher":"https:\/\/www.facebook.com\/Hispanicapadel","article_modified_time":"2025-01-07T18:54:28+00:00","og_image":[{"width":1200,"height":1800,"url":"https:\/\/www.hispanicapadel.com\/wp-content\/uploads\/2024\/11\/hispanica-zaino-new.jpg","type":"image\/jpeg"}],"twitter_card":"summary_large_image","twitter_misc":{"Tiempo de lectura":"1 minuto"},"schema":{"@context":"https:\/\/schema.org","@graph":[{"@type":"WebPage","@id":"https:\/\/www.hispanicapadel.com\/negozio\/borse\/zaino-hispanica-performance-bianco-copia\/","url":"https:\/\/www.hispanicapadel.com\/negozio\/borse\/zaino-hispanica-performance-bianco-copia\/","name":"Mochila Hispanica Performance Blanca (Copia) - Hispanica Padel","isPartOf":{"@id":"https:\/\/www.hispanicapadel.com\/#website"},"primaryImageOfPage":{"@id":"https:\/\/www.hispanicapadel.com\/negozio\/borse\/zaino-hispanica-performance-bianco-copia\/#primaryimage"},"image":{"@id":"https:\/\/www.hispanicapadel.com\/negozio\/borse\/zaino-hispanica-performance-bianco-copia\/#primaryimage"},"thumbnailUrl":"https:\/\/www.hispanicapadel.com\/wp-content\/uploads\/2024\/11\/hispanica-zaino-new.jpg","datePublished":"2024-11-08T15:57:53+00:00","dateModified":"2025-01-07T18:54:28+00:00","breadcrumb":{"@id":"https:\/\/www.hispanicapadel.com\/negozio\/borse\/zaino-hispanica-performance-bianco-copia\/#breadcrumb"},"inLanguage":"es","potentialAction":[{"@type":"ReadAction","target":["https:\/\/www.hispanicapadel.com\/negozio\/borse\/zaino-hispanica-performance-bianco-copia\/"]}]},{"@type":"ImageObject","inLanguage":"es","@id":"https:\/\/www.hispanicapadel.com\/negozio\/borse\/zaino-hispanica-performance-bianco-copia\/#primaryimage","url":"https:\/\/www.hispanicapadel.com\/wp-content\/uploads\/2024\/11\/hispanica-zaino-new.jpg","contentUrl":"https:\/\/www.hispanicapadel.com\/wp-content\/uploads\/2024\/11\/hispanica-zaino-new.jpg","width":1200,"height":1800},{"@type":"BreadcrumbList","@id":"https:\/\/www.hispanicapadel.com\/negozio\/borse\/zaino-hispanica-performance-bianco-copia\/#breadcrumb","itemListElement":[{"@type":"ListItem","position":1,"name":"Home","item":"https:\/\/www.hispanicapadel.com\/"},{"@type":"ListItem","position":2,"name":"Shop","item":"https:\/\/www.hispanicapadel.com\/negozio\/"},{"@type":"ListItem","position":3,"name":"Zaino Hispanica performance Bianco (Copia)"}]},{"@type":"WebSite","@id":"https:\/\/www.hispanicapadel.com\/#website","url":"https:\/\/www.hispanicapadel.com\/","name":"Hispanica Padel","description":"Nacido en Espa\u00f1a, crecido en las canchas.","publisher":{"@id":"https:\/\/www.hispanicapadel.com\/#organization"},"potentialAction":[{"@type":"SearchAction","target":{"@type":"EntryPoint","urlTemplate":"https:\/\/www.hispanicapadel.com\/?s={search_term_string}"},"query-input":{"@type":"PropertyValueSpecification","valueRequired":true,"valueName":"search_term_string"}}],"inLanguage":"es"},{"@type":"Organization","@id":"https:\/\/www.hispanicapadel.com\/#organization","name":"Hisp\u00e1nica","alternateName":"Hispanica Padel","url":"https:\/\/www.hispanicapadel.com\/","logo":{"@type":"ImageObject","inLanguage":"es","@id":"https:\/\/www.hispanicapadel.com\/#\/schema\/logo\/image\/","url":"https:\/\/www.hispanicapadel.com\/wp-content\/uploads\/2025\/01\/hispanica_logo_solo.png","contentUrl":"https:\/\/www.hispanicapadel.com\/wp-content\/uploads\/2025\/01\/hispanica_logo_solo.png","width":229,"height":288,"caption":"Hispanica"},"image":{"@id":"https:\/\/www.hispanicapadel.com\/#\/schema\/logo\/image\/"},"sameAs":["https:\/\/www.facebook.com\/Hispanicapadel","https:\/\/www.instagram.com\/hispanicapadel\/"]}]}},"_links":{"self":[{"href":"https:\/\/www.hispanicapadel.com\/es\/wp-json\/wp\/v2\/product\/35007","targetHints":{"allow":["GET"]}}],"collection":[{"href":"https:\/\/www.hispanicapadel.com\/es\/wp-json\/wp\/v2\/product"}],"about":[{"href":"https:\/\/www.hispanicapadel.com\/es\/wp-json\/wp\/v2\/types\/product"}],"wp:featuredmedia":[{"embeddable":true,"href":"https:\/\/www.hispanicapadel.com\/es\/wp-json\/wp\/v2\/media\/35120"}],"wp:attachment":[{"href":"https:\/\/www.hispanicapadel.com\/es\/wp-json\/wp\/v2\/media?parent=35007"}],"wp:term":[{"taxonomy":"product_brand","embeddable":true,"href":"https:\/\/www.hispanicapadel.com\/es\/wp-json\/wp\/v2\/product_brand?post=35007"},{"taxonomy":"product_cat","embeddable":true,"href":"https:\/\/www.hispanicapadel.com\/es\/wp-json\/wp\/v2\/product_cat?post=35007"},{"taxonomy":"product_tag","embeddable":true,"href":"https:\/\/www.hispanicapadel.com\/es\/wp-json\/wp\/v2\/product_tag?post=35007"}],"curies":[{"name":"wp","href":"https:\/\/api.w.org\/{rel}","templated":true}]}}